{"id":1070,"date":"2026-01-09T11:42:52","date_gmt":"2026-01-09T11:42:52","guid":{"rendered":"https:\/\/spiritscenturion.com\/?post_type=product&#038;p=1070"},"modified":"2026-04-02T12:16:26","modified_gmt":"2026-04-02T12:16:26","slug":"lillys-cherry-white","status":"publish","type":"product","link":"https:\/\/spiritscenturion.com\/hu\/product\/lillys-cherry-white\/","title":{"rendered":"Lilly&#8217;s Cherry White"},"content":{"rendered":"<p>Egy k\u00fcl\u00f6nleges karibi \u00e9lvezet \u2013 a Lilly&#8217;s Cherry White kiv\u00e1l\u00f3 min\u0151s\u00e9g\u0171, limit\u00e1lt feh\u00e9r rumot \u00f6tv\u00f6z a napon \u00e9rlelt cseresznye cs\u00e1b\u00edt\u00f3 illat\u00e1val, friss madagaszk\u00e1ri van\u00edlia rudakkal \u00e9s finom karamell\u00e1s jegyekkel.<\/p>\n<p>Ez a k\u00e9zm\u0171ves f\u0171szeres rum a gy\u00fcm\u00f6lcs\u00f6s frissess\u00e9get gyeng\u00e9d \u00e9dess\u00e9ggel \u00f6tv\u00f6zi, \u00edgy egyed\u00fcl\u00e1ll\u00f3 \u00edz\u00e9lm\u00e9nyt teremtve. Ak\u00e1r tiszt\u00e1n, j\u00e9ggel, vagy kifinomult kokt\u00e9lalapk\u00e9nt a Lilly&#8217;s Cherry White minden poh\u00e1rba egy kis karibi hangulatot csemp\u00e9sz.<\/p>\n","protected":false},"excerpt":{"rendered":"<p>Egy k\u00fcl\u00f6nleges karibi \u00e9lvezet \u2013 a Lilly&#8217;s Cherry White kiv\u00e1l\u00f3 min\u0151s\u00e9g\u0171, limit\u00e1lt feh\u00e9r rumot \u00f6tv\u00f6z a napon \u00e9rlelt cseresznye cs\u00e1b\u00edt\u00f3 illat\u00e1val, friss madagaszk\u00e1ri van\u00edlia rudakkal \u00e9s finom karamell\u00e1s jegyekkel. Ez a k\u00e9zm\u0171ves f\u0171szeres rum a gy\u00fcm\u00f6lcs\u00f6s frissess\u00e9get gyeng\u00e9d \u00e9dess\u00e9ggel \u00f6tv\u00f6zi, \u00edgy egyed\u00fcl\u00e1ll\u00f3 \u00edz\u00e9lm\u00e9nyt teremtve. Ak\u00e1r tiszt\u00e1n, j\u00e9ggel, vagy kifinomult kokt\u00e9lalapk\u00e9nt a Lilly&#8217;s Cherry White minden [&hellip;]<\/p>\n","protected":false},"featured_media":197,"comment_status":"open","ping_status":"closed","template":"","meta":{"_acf_changed":false},"product_brand":[],"product_cat":[],"product_tag":[],"class_list":{"0":"post-1070","1":"product","2":"type-product","3":"status-publish","4":"has-post-thumbnail","7":"first","8":"instock","9":"taxable","10":"shipping-taxable","11":"purchasable","12":"product-type-variable"},"acf":[],"yoast_head":"<!-- This site is optimized with the Yoast SEO plugin v26.8 - https:\/\/yoast.com\/product\/yoast-seo-wordpress\/ -->\n<title>Lilly&#039;s Cherry White - spirits centurion<\/title>\n<meta name=\"robots\" content=\"noindex, follow, max-snippet:-1, max-image-preview:large, max-video-preview:-1\" \/>\n<meta property=\"og:locale\" content=\"hu_HU\" \/>\n<meta property=\"og:type\" content=\"article\" \/>\n<meta property=\"og:title\" content=\"Lilly&#039;s Cherry White - spirits centurion\" \/>\n<meta property=\"og:description\" content=\"Egy k\u00fcl\u00f6nleges karibi \u00e9lvezet \u2013 a Lilly&#8217;s Cherry White kiv\u00e1l\u00f3 min\u0151s\u00e9g\u0171, limit\u00e1lt feh\u00e9r rumot \u00f6tv\u00f6z a napon \u00e9rlelt cseresznye cs\u00e1b\u00edt\u00f3 illat\u00e1val, friss madagaszk\u00e1ri van\u00edlia rudakkal \u00e9s finom karamell\u00e1s jegyekkel. Ez a k\u00e9zm\u0171ves f\u0171szeres rum a gy\u00fcm\u00f6lcs\u00f6s frissess\u00e9get gyeng\u00e9d \u00e9dess\u00e9ggel \u00f6tv\u00f6zi, \u00edgy egyed\u00fcl\u00e1ll\u00f3 \u00edz\u00e9lm\u00e9nyt teremtve. Ak\u00e1r tiszt\u00e1n, j\u00e9ggel, vagy kifinomult kokt\u00e9lalapk\u00e9nt a Lilly&#8217;s Cherry White minden [&hellip;]\" \/>\n<meta property=\"og:url\" content=\"https:\/\/spiritscenturion.com\/hu\/product\/lillys-cherry-white\/\" \/>\n<meta property=\"og:site_name\" content=\"spirits centurion\" \/>\n<meta property=\"article:modified_time\" content=\"2026-04-02T12:16:26+00:00\" \/>\n<meta property=\"og:image\" content=\"https:\/\/spiritscenturion.com\/wp-content\/uploads\/2026\/01\/Lillys-Cherry-White.webp\" \/>\n\t<meta property=\"og:image:width\" content=\"600\" \/>\n\t<meta property=\"og:image:height\" content=\"800\" \/>\n\t<meta property=\"og:image:type\" content=\"image\/webp\" \/>\n<meta name=\"twitter:card\" content=\"summary_large_image\" \/>\n<meta name=\"twitter:label1\" content=\"Becs\u00fclt olvas\u00e1si id\u0151\" \/>\n\t<meta name=\"twitter:data1\" content=\"1 perc\" \/>\n<script type=\"application\/ld+json\" class=\"yoast-schema-graph\">{\"@context\":\"https:\/\/schema.org\",\"@graph\":[{\"@type\":\"WebPage\",\"@id\":\"https:\/\/spiritscenturion.com\/hu\/product\/lillys-cherry-white\/\",\"url\":\"https:\/\/spiritscenturion.com\/hu\/product\/lillys-cherry-white\/\",\"name\":\"Lilly's Cherry White - spirits centurion\",\"isPartOf\":{\"@id\":\"https:\/\/spiritscenturion.com\/hu\/#website\"},\"primaryImageOfPage\":{\"@id\":\"https:\/\/spiritscenturion.com\/hu\/product\/lillys-cherry-white\/#primaryimage\"},\"image\":{\"@id\":\"https:\/\/spiritscenturion.com\/hu\/product\/lillys-cherry-white\/#primaryimage\"},\"thumbnailUrl\":\"https:\/\/spiritscenturion.com\/wp-content\/uploads\/2026\/01\/Lillys-Cherry-White.webp\",\"datePublished\":\"2026-01-09T11:42:52+00:00\",\"dateModified\":\"2026-04-02T12:16:26+00:00\",\"breadcrumb\":{\"@id\":\"https:\/\/spiritscenturion.com\/hu\/product\/lillys-cherry-white\/#breadcrumb\"},\"inLanguage\":\"hu\",\"potentialAction\":[{\"@type\":\"ReadAction\",\"target\":[\"https:\/\/spiritscenturion.com\/hu\/product\/lillys-cherry-white\/\"]}]},{\"@type\":\"ImageObject\",\"inLanguage\":\"hu\",\"@id\":\"https:\/\/spiritscenturion.com\/hu\/product\/lillys-cherry-white\/#primaryimage\",\"url\":\"https:\/\/spiritscenturion.com\/wp-content\/uploads\/2026\/01\/Lillys-Cherry-White.webp\",\"contentUrl\":\"https:\/\/spiritscenturion.com\/wp-content\/uploads\/2026\/01\/Lillys-Cherry-White.webp\",\"width\":600,\"height\":800},{\"@type\":\"BreadcrumbList\",\"@id\":\"https:\/\/spiritscenturion.com\/hu\/product\/lillys-cherry-white\/#breadcrumb\",\"itemListElement\":[{\"@type\":\"ListItem\",\"position\":1,\"name\":\"Home\",\"item\":\"https:\/\/spiritscenturion.com\/hu\/\"},{\"@type\":\"ListItem\",\"position\":2,\"name\":\"Shop\",\"item\":\"https:\/\/spiritscenturion.com\/hu\/shop\/\"},{\"@type\":\"ListItem\",\"position\":3,\"name\":\"Lilly&#8217;s Cherry White\"}]},{\"@type\":\"WebSite\",\"@id\":\"https:\/\/spiritscenturion.com\/hu\/#website\",\"url\":\"https:\/\/spiritscenturion.com\/hu\/\",\"name\":\"spirits centurion\",\"description\":\"\",\"potentialAction\":[{\"@type\":\"SearchAction\",\"target\":{\"@type\":\"EntryPoint\",\"urlTemplate\":\"https:\/\/spiritscenturion.com\/hu\/?s={search_term_string}\"},\"query-input\":{\"@type\":\"PropertyValueSpecification\",\"valueRequired\":true,\"valueName\":\"search_term_string\"}}],\"inLanguage\":\"hu\"}]}<\/script>\n<!-- \/ Yoast SEO plugin. -->","yoast_head_json":{"title":"Lilly's Cherry White - spirits centurion","robots":{"index":"noindex","follow":"follow","max-snippet":"max-snippet:-1","max-image-preview":"max-image-preview:large","max-video-preview":"max-video-preview:-1"},"og_locale":"hu_HU","og_type":"article","og_title":"Lilly's Cherry White - spirits centurion","og_description":"Egy k\u00fcl\u00f6nleges karibi \u00e9lvezet \u2013 a Lilly&#8217;s Cherry White kiv\u00e1l\u00f3 min\u0151s\u00e9g\u0171, limit\u00e1lt feh\u00e9r rumot \u00f6tv\u00f6z a napon \u00e9rlelt cseresznye cs\u00e1b\u00edt\u00f3 illat\u00e1val, friss madagaszk\u00e1ri van\u00edlia rudakkal \u00e9s finom karamell\u00e1s jegyekkel. Ez a k\u00e9zm\u0171ves f\u0171szeres rum a gy\u00fcm\u00f6lcs\u00f6s frissess\u00e9get gyeng\u00e9d \u00e9dess\u00e9ggel \u00f6tv\u00f6zi, \u00edgy egyed\u00fcl\u00e1ll\u00f3 \u00edz\u00e9lm\u00e9nyt teremtve. Ak\u00e1r tiszt\u00e1n, j\u00e9ggel, vagy kifinomult kokt\u00e9lalapk\u00e9nt a Lilly&#8217;s Cherry White minden [&hellip;]","og_url":"https:\/\/spiritscenturion.com\/hu\/product\/lillys-cherry-white\/","og_site_name":"spirits centurion","article_modified_time":"2026-04-02T12:16:26+00:00","og_image":[{"width":600,"height":800,"url":"https:\/\/spiritscenturion.com\/wp-content\/uploads\/2026\/01\/Lillys-Cherry-White.webp","type":"image\/webp"}],"twitter_card":"summary_large_image","twitter_misc":{"Becs\u00fclt olvas\u00e1si id\u0151":"1 perc"},"schema":{"@context":"https:\/\/schema.org","@graph":[{"@type":"WebPage","@id":"https:\/\/spiritscenturion.com\/hu\/product\/lillys-cherry-white\/","url":"https:\/\/spiritscenturion.com\/hu\/product\/lillys-cherry-white\/","name":"Lilly's Cherry White - spirits centurion","isPartOf":{"@id":"https:\/\/spiritscenturion.com\/hu\/#website"},"primaryImageOfPage":{"@id":"https:\/\/spiritscenturion.com\/hu\/product\/lillys-cherry-white\/#primaryimage"},"image":{"@id":"https:\/\/spiritscenturion.com\/hu\/product\/lillys-cherry-white\/#primaryimage"},"thumbnailUrl":"https:\/\/spiritscenturion.com\/wp-content\/uploads\/2026\/01\/Lillys-Cherry-White.webp","datePublished":"2026-01-09T11:42:52+00:00","dateModified":"2026-04-02T12:16:26+00:00","breadcrumb":{"@id":"https:\/\/spiritscenturion.com\/hu\/product\/lillys-cherry-white\/#breadcrumb"},"inLanguage":"hu","potentialAction":[{"@type":"ReadAction","target":["https:\/\/spiritscenturion.com\/hu\/product\/lillys-cherry-white\/"]}]},{"@type":"ImageObject","inLanguage":"hu","@id":"https:\/\/spiritscenturion.com\/hu\/product\/lillys-cherry-white\/#primaryimage","url":"https:\/\/spiritscenturion.com\/wp-content\/uploads\/2026\/01\/Lillys-Cherry-White.webp","contentUrl":"https:\/\/spiritscenturion.com\/wp-content\/uploads\/2026\/01\/Lillys-Cherry-White.webp","width":600,"height":800},{"@type":"BreadcrumbList","@id":"https:\/\/spiritscenturion.com\/hu\/product\/lillys-cherry-white\/#breadcrumb","itemListElement":[{"@type":"ListItem","position":1,"name":"Home","item":"https:\/\/spiritscenturion.com\/hu\/"},{"@type":"ListItem","position":2,"name":"Shop","item":"https:\/\/spiritscenturion.com\/hu\/shop\/"},{"@type":"ListItem","position":3,"name":"Lilly&#8217;s Cherry White"}]},{"@type":"WebSite","@id":"https:\/\/spiritscenturion.com\/hu\/#website","url":"https:\/\/spiritscenturion.com\/hu\/","name":"spirits centurion","description":"","potentialAction":[{"@type":"SearchAction","target":{"@type":"EntryPoint","urlTemplate":"https:\/\/spiritscenturion.com\/hu\/?s={search_term_string}"},"query-input":{"@type":"PropertyValueSpecification","valueRequired":true,"valueName":"search_term_string"}}],"inLanguage":"hu"}]}},"_links":{"self":[{"href":"https:\/\/spiritscenturion.com\/hu\/wp-json\/wp\/v2\/product\/1070","targetHints":{"allow":["GET"]}}],"collection":[{"href":"https:\/\/spiritscenturion.com\/hu\/wp-json\/wp\/v2\/product"}],"about":[{"href":"https:\/\/spiritscenturion.com\/hu\/wp-json\/wp\/v2\/types\/product"}],"replies":[{"embeddable":true,"href":"https:\/\/spiritscenturion.com\/hu\/wp-json\/wp\/v2\/comments?post=1070"}],"wp:featuredmedia":[{"embeddable":true,"href":"https:\/\/spiritscenturion.com\/hu\/wp-json\/wp\/v2\/media\/197"}],"wp:attachment":[{"href":"https:\/\/spiritscenturion.com\/hu\/wp-json\/wp\/v2\/media?parent=1070"}],"wp:term":[{"taxonomy":"product_brand","embeddable":true,"href":"https:\/\/spiritscenturion.com\/hu\/wp-json\/wp\/v2\/product_brand?post=1070"},{"taxonomy":"product_cat","embeddable":true,"href":"https:\/\/spiritscenturion.com\/hu\/wp-json\/wp\/v2\/product_cat?post=1070"},{"taxonomy":"product_tag","embeddable":true,"href":"https:\/\/spiritscenturion.com\/hu\/wp-json\/wp\/v2\/product_tag?post=1070"}],"curies":[{"name":"wp","href":"https:\/\/api.w.org\/{rel}","templated":true}]}}