{"id":1072,"date":"2026-01-09T11:14:16","date_gmt":"2026-01-09T11:14:16","guid":{"rendered":"https:\/\/spiritscenturion.com\/?post_type=product&#038;p=1072"},"modified":"2026-04-02T12:15:16","modified_gmt":"2026-04-02T12:15:16","slug":"the-bourbon","status":"publish","type":"product","link":"https:\/\/spiritscenturion.com\/hu\/product\/the-bourbon\/","title":{"rendered":"The Bourbon"},"content":{"rendered":"<p>Ez az igazi amerikai klasszikus bourbon Kentuckyban k\u00e9sz\u00fcl, v\u00e1logatott amerikai kukoric\u00e1b\u00f3l \u00e9s gabonaf\u00e9l\u00e9kb\u0151l. A hagyom\u00e1nyos m\u00f3dszereknek megfelel\u0151en t\u00f6bb mint k\u00e9t \u00e9ven \u00e1t \u00e9rlel\u0151dik \u00faj, \u00e9getett t\u00f6lgyfahord\u00f3kban, hogy kialakuljon egyedi jellege.<\/p>\n<p>A hossz\u00fa \u00e9rlel\u00e9si folyamat sor\u00e1n kibontakozik a term\u00e9szetes borosty\u00e1nsz\u00edn \u00e9s az intenz\u00edv, meleg aromaprofil. Finom van\u00edlia- \u00e9s karamell jegyekkel, f\u0171szeres t\u00f6lgy k\u00eds\u00e9ret\u00e9ben ez a t\u00f6k\u00e9letesen kiegyens\u00falyozott bourbon igazi \u00e9lvezet \u2013 tiszt\u00e1n, j\u00e9ggel vagy klasszikus kokt\u00e9lokban, mint az Old Fashioned vagy a Manhattan.<\/p>\n","protected":false},"excerpt":{"rendered":"<p>Ez az igazi amerikai klasszikus bourbon Kentuckyban k\u00e9sz\u00fcl, v\u00e1logatott amerikai kukoric\u00e1b\u00f3l \u00e9s gabonaf\u00e9l\u00e9kb\u0151l. A hagyom\u00e1nyos m\u00f3dszereknek megfelel\u0151en t\u00f6bb mint k\u00e9t \u00e9ven \u00e1t \u00e9rlel\u0151dik \u00faj, \u00e9getett t\u00f6lgyfahord\u00f3kban, hogy kialakuljon egyedi jellege. A hossz\u00fa \u00e9rlel\u00e9si folyamat sor\u00e1n kibontakozik a term\u00e9szetes borosty\u00e1nsz\u00edn \u00e9s az intenz\u00edv, meleg aromaprofil. Finom van\u00edlia- \u00e9s karamell jegyekkel, f\u0171szeres t\u00f6lgy k\u00eds\u00e9ret\u00e9ben ez a t\u00f6k\u00e9letesen [&hellip;]<\/p>\n","protected":false},"featured_media":542,"comment_status":"open","ping_status":"closed","template":"","meta":{"_acf_changed":false},"product_brand":[],"product_cat":[],"product_tag":[],"class_list":{"0":"post-1072","1":"product","2":"type-product","3":"status-publish","4":"has-post-thumbnail","7":"first","8":"instock","9":"taxable","10":"shipping-taxable","11":"purchasable","12":"product-type-variable"},"acf":[],"yoast_head":"<!-- This site is optimized with the Yoast SEO plugin v26.8 - https:\/\/yoast.com\/product\/yoast-seo-wordpress\/ -->\n<title>The Bourbon - spirits centurion<\/title>\n<meta name=\"robots\" content=\"noindex, follow, max-snippet:-1, max-image-preview:large, max-video-preview:-1\" \/>\n<meta property=\"og:locale\" content=\"hu_HU\" \/>\n<meta property=\"og:type\" content=\"article\" \/>\n<meta property=\"og:title\" content=\"The Bourbon - spirits centurion\" \/>\n<meta property=\"og:description\" content=\"Ez az igazi amerikai klasszikus bourbon Kentuckyban k\u00e9sz\u00fcl, v\u00e1logatott amerikai kukoric\u00e1b\u00f3l \u00e9s gabonaf\u00e9l\u00e9kb\u0151l. A hagyom\u00e1nyos m\u00f3dszereknek megfelel\u0151en t\u00f6bb mint k\u00e9t \u00e9ven \u00e1t \u00e9rlel\u0151dik \u00faj, \u00e9getett t\u00f6lgyfahord\u00f3kban, hogy kialakuljon egyedi jellege. A hossz\u00fa \u00e9rlel\u00e9si folyamat sor\u00e1n kibontakozik a term\u00e9szetes borosty\u00e1nsz\u00edn \u00e9s az intenz\u00edv, meleg aromaprofil. Finom van\u00edlia- \u00e9s karamell jegyekkel, f\u0171szeres t\u00f6lgy k\u00eds\u00e9ret\u00e9ben ez a t\u00f6k\u00e9letesen [&hellip;]\" \/>\n<meta property=\"og:url\" content=\"https:\/\/spiritscenturion.com\/hu\/product\/the-bourbon\/\" \/>\n<meta property=\"og:site_name\" content=\"spirits centurion\" \/>\n<meta property=\"article:modified_time\" content=\"2026-04-02T12:15:16+00:00\" \/>\n<meta property=\"og:image\" content=\"https:\/\/spiritscenturion.com\/wp-content\/uploads\/2026\/01\/The-Bourbon.webp\" \/>\n\t<meta property=\"og:image:width\" content=\"600\" \/>\n\t<meta property=\"og:image:height\" content=\"800\" \/>\n\t<meta property=\"og:image:type\" content=\"image\/webp\" \/>\n<meta name=\"twitter:card\" content=\"summary_large_image\" \/>\n<meta name=\"twitter:label1\" content=\"Becs\u00fclt olvas\u00e1si id\u0151\" \/>\n\t<meta name=\"twitter:data1\" content=\"1 perc\" \/>\n<script type=\"application\/ld+json\" class=\"yoast-schema-graph\">{\"@context\":\"https:\/\/schema.org\",\"@graph\":[{\"@type\":\"WebPage\",\"@id\":\"https:\/\/spiritscenturion.com\/hu\/product\/the-bourbon\/\",\"url\":\"https:\/\/spiritscenturion.com\/hu\/product\/the-bourbon\/\",\"name\":\"The Bourbon - spirits centurion\",\"isPartOf\":{\"@id\":\"https:\/\/spiritscenturion.com\/hu\/#website\"},\"primaryImageOfPage\":{\"@id\":\"https:\/\/spiritscenturion.com\/hu\/product\/the-bourbon\/#primaryimage\"},\"image\":{\"@id\":\"https:\/\/spiritscenturion.com\/hu\/product\/the-bourbon\/#primaryimage\"},\"thumbnailUrl\":\"https:\/\/spiritscenturion.com\/wp-content\/uploads\/2026\/01\/The-Bourbon.webp\",\"datePublished\":\"2026-01-09T11:14:16+00:00\",\"dateModified\":\"2026-04-02T12:15:16+00:00\",\"breadcrumb\":{\"@id\":\"https:\/\/spiritscenturion.com\/hu\/product\/the-bourbon\/#breadcrumb\"},\"inLanguage\":\"hu\",\"potentialAction\":[{\"@type\":\"ReadAction\",\"target\":[\"https:\/\/spiritscenturion.com\/hu\/product\/the-bourbon\/\"]}]},{\"@type\":\"ImageObject\",\"inLanguage\":\"hu\",\"@id\":\"https:\/\/spiritscenturion.com\/hu\/product\/the-bourbon\/#primaryimage\",\"url\":\"https:\/\/spiritscenturion.com\/wp-content\/uploads\/2026\/01\/The-Bourbon.webp\",\"contentUrl\":\"https:\/\/spiritscenturion.com\/wp-content\/uploads\/2026\/01\/The-Bourbon.webp\",\"width\":600,\"height\":800},{\"@type\":\"BreadcrumbList\",\"@id\":\"https:\/\/spiritscenturion.com\/hu\/product\/the-bourbon\/#breadcrumb\",\"itemListElement\":[{\"@type\":\"ListItem\",\"position\":1,\"name\":\"Home\",\"item\":\"https:\/\/spiritscenturion.com\/hu\/\"},{\"@type\":\"ListItem\",\"position\":2,\"name\":\"Shop\",\"item\":\"https:\/\/spiritscenturion.com\/hu\/shop\/\"},{\"@type\":\"ListItem\",\"position\":3,\"name\":\"The Bourbon\"}]},{\"@type\":\"WebSite\",\"@id\":\"https:\/\/spiritscenturion.com\/hu\/#website\",\"url\":\"https:\/\/spiritscenturion.com\/hu\/\",\"name\":\"spirits centurion\",\"description\":\"\",\"potentialAction\":[{\"@type\":\"SearchAction\",\"target\":{\"@type\":\"EntryPoint\",\"urlTemplate\":\"https:\/\/spiritscenturion.com\/hu\/?s={search_term_string}\"},\"query-input\":{\"@type\":\"PropertyValueSpecification\",\"valueRequired\":true,\"valueName\":\"search_term_string\"}}],\"inLanguage\":\"hu\"}]}<\/script>\n<!-- \/ Yoast SEO plugin. -->","yoast_head_json":{"title":"The Bourbon - spirits centurion","robots":{"index":"noindex","follow":"follow","max-snippet":"max-snippet:-1","max-image-preview":"max-image-preview:large","max-video-preview":"max-video-preview:-1"},"og_locale":"hu_HU","og_type":"article","og_title":"The Bourbon - spirits centurion","og_description":"Ez az igazi amerikai klasszikus bourbon Kentuckyban k\u00e9sz\u00fcl, v\u00e1logatott amerikai kukoric\u00e1b\u00f3l \u00e9s gabonaf\u00e9l\u00e9kb\u0151l. A hagyom\u00e1nyos m\u00f3dszereknek megfelel\u0151en t\u00f6bb mint k\u00e9t \u00e9ven \u00e1t \u00e9rlel\u0151dik \u00faj, \u00e9getett t\u00f6lgyfahord\u00f3kban, hogy kialakuljon egyedi jellege. A hossz\u00fa \u00e9rlel\u00e9si folyamat sor\u00e1n kibontakozik a term\u00e9szetes borosty\u00e1nsz\u00edn \u00e9s az intenz\u00edv, meleg aromaprofil. Finom van\u00edlia- \u00e9s karamell jegyekkel, f\u0171szeres t\u00f6lgy k\u00eds\u00e9ret\u00e9ben ez a t\u00f6k\u00e9letesen [&hellip;]","og_url":"https:\/\/spiritscenturion.com\/hu\/product\/the-bourbon\/","og_site_name":"spirits centurion","article_modified_time":"2026-04-02T12:15:16+00:00","og_image":[{"width":600,"height":800,"url":"https:\/\/spiritscenturion.com\/wp-content\/uploads\/2026\/01\/The-Bourbon.webp","type":"image\/webp"}],"twitter_card":"summary_large_image","twitter_misc":{"Becs\u00fclt olvas\u00e1si id\u0151":"1 perc"},"schema":{"@context":"https:\/\/schema.org","@graph":[{"@type":"WebPage","@id":"https:\/\/spiritscenturion.com\/hu\/product\/the-bourbon\/","url":"https:\/\/spiritscenturion.com\/hu\/product\/the-bourbon\/","name":"The Bourbon - spirits centurion","isPartOf":{"@id":"https:\/\/spiritscenturion.com\/hu\/#website"},"primaryImageOfPage":{"@id":"https:\/\/spiritscenturion.com\/hu\/product\/the-bourbon\/#primaryimage"},"image":{"@id":"https:\/\/spiritscenturion.com\/hu\/product\/the-bourbon\/#primaryimage"},"thumbnailUrl":"https:\/\/spiritscenturion.com\/wp-content\/uploads\/2026\/01\/The-Bourbon.webp","datePublished":"2026-01-09T11:14:16+00:00","dateModified":"2026-04-02T12:15:16+00:00","breadcrumb":{"@id":"https:\/\/spiritscenturion.com\/hu\/product\/the-bourbon\/#breadcrumb"},"inLanguage":"hu","potentialAction":[{"@type":"ReadAction","target":["https:\/\/spiritscenturion.com\/hu\/product\/the-bourbon\/"]}]},{"@type":"ImageObject","inLanguage":"hu","@id":"https:\/\/spiritscenturion.com\/hu\/product\/the-bourbon\/#primaryimage","url":"https:\/\/spiritscenturion.com\/wp-content\/uploads\/2026\/01\/The-Bourbon.webp","contentUrl":"https:\/\/spiritscenturion.com\/wp-content\/uploads\/2026\/01\/The-Bourbon.webp","width":600,"height":800},{"@type":"BreadcrumbList","@id":"https:\/\/spiritscenturion.com\/hu\/product\/the-bourbon\/#breadcrumb","itemListElement":[{"@type":"ListItem","position":1,"name":"Home","item":"https:\/\/spiritscenturion.com\/hu\/"},{"@type":"ListItem","position":2,"name":"Shop","item":"https:\/\/spiritscenturion.com\/hu\/shop\/"},{"@type":"ListItem","position":3,"name":"The Bourbon"}]},{"@type":"WebSite","@id":"https:\/\/spiritscenturion.com\/hu\/#website","url":"https:\/\/spiritscenturion.com\/hu\/","name":"spirits centurion","description":"","potentialAction":[{"@type":"SearchAction","target":{"@type":"EntryPoint","urlTemplate":"https:\/\/spiritscenturion.com\/hu\/?s={search_term_string}"},"query-input":{"@type":"PropertyValueSpecification","valueRequired":true,"valueName":"search_term_string"}}],"inLanguage":"hu"}]}},"_links":{"self":[{"href":"https:\/\/spiritscenturion.com\/hu\/wp-json\/wp\/v2\/product\/1072","targetHints":{"allow":["GET"]}}],"collection":[{"href":"https:\/\/spiritscenturion.com\/hu\/wp-json\/wp\/v2\/product"}],"about":[{"href":"https:\/\/spiritscenturion.com\/hu\/wp-json\/wp\/v2\/types\/product"}],"replies":[{"embeddable":true,"href":"https:\/\/spiritscenturion.com\/hu\/wp-json\/wp\/v2\/comments?post=1072"}],"wp:featuredmedia":[{"embeddable":true,"href":"https:\/\/spiritscenturion.com\/hu\/wp-json\/wp\/v2\/media\/542"}],"wp:attachment":[{"href":"https:\/\/spiritscenturion.com\/hu\/wp-json\/wp\/v2\/media?parent=1072"}],"wp:term":[{"taxonomy":"product_brand","embeddable":true,"href":"https:\/\/spiritscenturion.com\/hu\/wp-json\/wp\/v2\/product_brand?post=1072"},{"taxonomy":"product_cat","embeddable":true,"href":"https:\/\/spiritscenturion.com\/hu\/wp-json\/wp\/v2\/product_cat?post=1072"},{"taxonomy":"product_tag","embeddable":true,"href":"https:\/\/spiritscenturion.com\/hu\/wp-json\/wp\/v2\/product_tag?post=1072"}],"curies":[{"name":"wp","href":"https:\/\/api.w.org\/{rel}","templated":true}]}}