{"id":1078,"date":"2026-01-09T11:03:12","date_gmt":"2026-01-09T11:03:12","guid":{"rendered":"https:\/\/spiritscenturion.com\/?post_type=product&#038;p=1078"},"modified":"2026-04-02T12:13:56","modified_gmt":"2026-04-02T12:13:56","slug":"the-scotch","status":"publish","type":"product","link":"https:\/\/spiritscenturion.com\/hu\/product\/the-scotch\/","title":{"rendered":"The Scotch"},"content":{"rendered":"<p>A Speyside \u00e9s a Highlands r\u00e9gi\u00f3kb\u00f3l sz\u00e1rmaz\u00f3 kiv\u00e1l\u00f3 single malt whisky-k hiteles, finoman kiegyens\u00falyozott kever\u00e9ke. A sk\u00f3t whisky legal\u00e1bb h\u00e1rom \u00e9vig \u00e9rlel\u0151dik t\u00f6lgyfahord\u00f3kban, ami harmonikus egyens\u00falyt teremt a l\u00e1gy m\u00e9lys\u00e9g, a testes karakter \u00e9s a f\u0171szeres finoms\u00e1g k\u00f6z\u00f6tt.<\/p>\n<p>L\u00e1gy \u00edzvil\u00e1g\u00e1ban a karamell \u00e9s a fa finom arom\u00e1i \u00f6tv\u00f6z\u0151dnek a sk\u00f3t whisky jellegzetes, enyh\u00e9n f\u00fcst\u00f6s \u00edz\u00e9vel. Egy klasszikus whisky, amely tiszta form\u00e1ban, j\u00e9ggel vagy klasszikus kokt\u00e9lok alapjak\u00e9nt egyar\u00e1nt igazi \u00e9lvezetet ny\u00fajt.<\/p>\n","protected":false},"excerpt":{"rendered":"<p>A Speyside \u00e9s a Highlands r\u00e9gi\u00f3kb\u00f3l sz\u00e1rmaz\u00f3 kiv\u00e1l\u00f3 single malt whisky-k hiteles, finoman kiegyens\u00falyozott kever\u00e9ke. A sk\u00f3t whisky legal\u00e1bb h\u00e1rom \u00e9vig \u00e9rlel\u0151dik t\u00f6lgyfahord\u00f3kban, ami harmonikus egyens\u00falyt teremt a l\u00e1gy m\u00e9lys\u00e9g, a testes karakter \u00e9s a f\u0171szeres finoms\u00e1g k\u00f6z\u00f6tt. L\u00e1gy \u00edzvil\u00e1g\u00e1ban a karamell \u00e9s a fa finom arom\u00e1i \u00f6tv\u00f6z\u0151dnek a sk\u00f3t whisky jellegzetes, enyh\u00e9n f\u00fcst\u00f6s \u00edz\u00e9vel. [&hellip;]<\/p>\n","protected":false},"featured_media":497,"comment_status":"open","ping_status":"closed","template":"","meta":{"_acf_changed":false},"product_brand":[],"product_cat":[],"product_tag":[],"class_list":{"0":"post-1078","1":"product","2":"type-product","3":"status-publish","4":"has-post-thumbnail","7":"first","8":"instock","9":"taxable","10":"shipping-taxable","11":"purchasable","12":"product-type-variable"},"acf":[],"yoast_head":"<!-- This site is optimized with the Yoast SEO plugin v26.8 - https:\/\/yoast.com\/product\/yoast-seo-wordpress\/ -->\n<title>The Scotch - spirits centurion<\/title>\n<meta name=\"robots\" content=\"noindex, follow, max-snippet:-1, max-image-preview:large, max-video-preview:-1\" \/>\n<meta property=\"og:locale\" content=\"hu_HU\" \/>\n<meta property=\"og:type\" content=\"article\" \/>\n<meta property=\"og:title\" content=\"The Scotch - spirits centurion\" \/>\n<meta property=\"og:description\" content=\"A Speyside \u00e9s a Highlands r\u00e9gi\u00f3kb\u00f3l sz\u00e1rmaz\u00f3 kiv\u00e1l\u00f3 single malt whisky-k hiteles, finoman kiegyens\u00falyozott kever\u00e9ke. A sk\u00f3t whisky legal\u00e1bb h\u00e1rom \u00e9vig \u00e9rlel\u0151dik t\u00f6lgyfahord\u00f3kban, ami harmonikus egyens\u00falyt teremt a l\u00e1gy m\u00e9lys\u00e9g, a testes karakter \u00e9s a f\u0171szeres finoms\u00e1g k\u00f6z\u00f6tt. L\u00e1gy \u00edzvil\u00e1g\u00e1ban a karamell \u00e9s a fa finom arom\u00e1i \u00f6tv\u00f6z\u0151dnek a sk\u00f3t whisky jellegzetes, enyh\u00e9n f\u00fcst\u00f6s \u00edz\u00e9vel. [&hellip;]\" \/>\n<meta property=\"og:url\" content=\"https:\/\/spiritscenturion.com\/hu\/product\/the-scotch\/\" \/>\n<meta property=\"og:site_name\" content=\"spirits centurion\" \/>\n<meta property=\"article:modified_time\" content=\"2026-04-02T12:13:56+00:00\" \/>\n<meta property=\"og:image\" content=\"https:\/\/spiritscenturion.com\/wp-content\/uploads\/2026\/01\/The-Scotch.webp\" \/>\n\t<meta property=\"og:image:width\" content=\"600\" \/>\n\t<meta property=\"og:image:height\" content=\"800\" \/>\n\t<meta property=\"og:image:type\" content=\"image\/webp\" \/>\n<meta name=\"twitter:card\" content=\"summary_large_image\" \/>\n<meta name=\"twitter:label1\" content=\"Becs\u00fclt olvas\u00e1si id\u0151\" \/>\n\t<meta name=\"twitter:data1\" content=\"1 perc\" \/>\n<script type=\"application\/ld+json\" class=\"yoast-schema-graph\">{\"@context\":\"https:\/\/schema.org\",\"@graph\":[{\"@type\":\"WebPage\",\"@id\":\"https:\/\/spiritscenturion.com\/hu\/product\/the-scotch\/\",\"url\":\"https:\/\/spiritscenturion.com\/hu\/product\/the-scotch\/\",\"name\":\"The Scotch - spirits centurion\",\"isPartOf\":{\"@id\":\"https:\/\/spiritscenturion.com\/hu\/#website\"},\"primaryImageOfPage\":{\"@id\":\"https:\/\/spiritscenturion.com\/hu\/product\/the-scotch\/#primaryimage\"},\"image\":{\"@id\":\"https:\/\/spiritscenturion.com\/hu\/product\/the-scotch\/#primaryimage\"},\"thumbnailUrl\":\"https:\/\/spiritscenturion.com\/wp-content\/uploads\/2026\/01\/The-Scotch.webp\",\"datePublished\":\"2026-01-09T11:03:12+00:00\",\"dateModified\":\"2026-04-02T12:13:56+00:00\",\"breadcrumb\":{\"@id\":\"https:\/\/spiritscenturion.com\/hu\/product\/the-scotch\/#breadcrumb\"},\"inLanguage\":\"hu\",\"potentialAction\":[{\"@type\":\"ReadAction\",\"target\":[\"https:\/\/spiritscenturion.com\/hu\/product\/the-scotch\/\"]}]},{\"@type\":\"ImageObject\",\"inLanguage\":\"hu\",\"@id\":\"https:\/\/spiritscenturion.com\/hu\/product\/the-scotch\/#primaryimage\",\"url\":\"https:\/\/spiritscenturion.com\/wp-content\/uploads\/2026\/01\/The-Scotch.webp\",\"contentUrl\":\"https:\/\/spiritscenturion.com\/wp-content\/uploads\/2026\/01\/The-Scotch.webp\",\"width\":600,\"height\":800},{\"@type\":\"BreadcrumbList\",\"@id\":\"https:\/\/spiritscenturion.com\/hu\/product\/the-scotch\/#breadcrumb\",\"itemListElement\":[{\"@type\":\"ListItem\",\"position\":1,\"name\":\"Home\",\"item\":\"https:\/\/spiritscenturion.com\/hu\/\"},{\"@type\":\"ListItem\",\"position\":2,\"name\":\"Shop\",\"item\":\"https:\/\/spiritscenturion.com\/hu\/shop\/\"},{\"@type\":\"ListItem\",\"position\":3,\"name\":\"The Scotch\"}]},{\"@type\":\"WebSite\",\"@id\":\"https:\/\/spiritscenturion.com\/hu\/#website\",\"url\":\"https:\/\/spiritscenturion.com\/hu\/\",\"name\":\"spirits centurion\",\"description\":\"\",\"potentialAction\":[{\"@type\":\"SearchAction\",\"target\":{\"@type\":\"EntryPoint\",\"urlTemplate\":\"https:\/\/spiritscenturion.com\/hu\/?s={search_term_string}\"},\"query-input\":{\"@type\":\"PropertyValueSpecification\",\"valueRequired\":true,\"valueName\":\"search_term_string\"}}],\"inLanguage\":\"hu\"}]}<\/script>\n<!-- \/ Yoast SEO plugin. -->","yoast_head_json":{"title":"The Scotch - spirits centurion","robots":{"index":"noindex","follow":"follow","max-snippet":"max-snippet:-1","max-image-preview":"max-image-preview:large","max-video-preview":"max-video-preview:-1"},"og_locale":"hu_HU","og_type":"article","og_title":"The Scotch - spirits centurion","og_description":"A Speyside \u00e9s a Highlands r\u00e9gi\u00f3kb\u00f3l sz\u00e1rmaz\u00f3 kiv\u00e1l\u00f3 single malt whisky-k hiteles, finoman kiegyens\u00falyozott kever\u00e9ke. A sk\u00f3t whisky legal\u00e1bb h\u00e1rom \u00e9vig \u00e9rlel\u0151dik t\u00f6lgyfahord\u00f3kban, ami harmonikus egyens\u00falyt teremt a l\u00e1gy m\u00e9lys\u00e9g, a testes karakter \u00e9s a f\u0171szeres finoms\u00e1g k\u00f6z\u00f6tt. L\u00e1gy \u00edzvil\u00e1g\u00e1ban a karamell \u00e9s a fa finom arom\u00e1i \u00f6tv\u00f6z\u0151dnek a sk\u00f3t whisky jellegzetes, enyh\u00e9n f\u00fcst\u00f6s \u00edz\u00e9vel. [&hellip;]","og_url":"https:\/\/spiritscenturion.com\/hu\/product\/the-scotch\/","og_site_name":"spirits centurion","article_modified_time":"2026-04-02T12:13:56+00:00","og_image":[{"width":600,"height":800,"url":"https:\/\/spiritscenturion.com\/wp-content\/uploads\/2026\/01\/The-Scotch.webp","type":"image\/webp"}],"twitter_card":"summary_large_image","twitter_misc":{"Becs\u00fclt olvas\u00e1si id\u0151":"1 perc"},"schema":{"@context":"https:\/\/schema.org","@graph":[{"@type":"WebPage","@id":"https:\/\/spiritscenturion.com\/hu\/product\/the-scotch\/","url":"https:\/\/spiritscenturion.com\/hu\/product\/the-scotch\/","name":"The Scotch - spirits centurion","isPartOf":{"@id":"https:\/\/spiritscenturion.com\/hu\/#website"},"primaryImageOfPage":{"@id":"https:\/\/spiritscenturion.com\/hu\/product\/the-scotch\/#primaryimage"},"image":{"@id":"https:\/\/spiritscenturion.com\/hu\/product\/the-scotch\/#primaryimage"},"thumbnailUrl":"https:\/\/spiritscenturion.com\/wp-content\/uploads\/2026\/01\/The-Scotch.webp","datePublished":"2026-01-09T11:03:12+00:00","dateModified":"2026-04-02T12:13:56+00:00","breadcrumb":{"@id":"https:\/\/spiritscenturion.com\/hu\/product\/the-scotch\/#breadcrumb"},"inLanguage":"hu","potentialAction":[{"@type":"ReadAction","target":["https:\/\/spiritscenturion.com\/hu\/product\/the-scotch\/"]}]},{"@type":"ImageObject","inLanguage":"hu","@id":"https:\/\/spiritscenturion.com\/hu\/product\/the-scotch\/#primaryimage","url":"https:\/\/spiritscenturion.com\/wp-content\/uploads\/2026\/01\/The-Scotch.webp","contentUrl":"https:\/\/spiritscenturion.com\/wp-content\/uploads\/2026\/01\/The-Scotch.webp","width":600,"height":800},{"@type":"BreadcrumbList","@id":"https:\/\/spiritscenturion.com\/hu\/product\/the-scotch\/#breadcrumb","itemListElement":[{"@type":"ListItem","position":1,"name":"Home","item":"https:\/\/spiritscenturion.com\/hu\/"},{"@type":"ListItem","position":2,"name":"Shop","item":"https:\/\/spiritscenturion.com\/hu\/shop\/"},{"@type":"ListItem","position":3,"name":"The Scotch"}]},{"@type":"WebSite","@id":"https:\/\/spiritscenturion.com\/hu\/#website","url":"https:\/\/spiritscenturion.com\/hu\/","name":"spirits centurion","description":"","potentialAction":[{"@type":"SearchAction","target":{"@type":"EntryPoint","urlTemplate":"https:\/\/spiritscenturion.com\/hu\/?s={search_term_string}"},"query-input":{"@type":"PropertyValueSpecification","valueRequired":true,"valueName":"search_term_string"}}],"inLanguage":"hu"}]}},"_links":{"self":[{"href":"https:\/\/spiritscenturion.com\/hu\/wp-json\/wp\/v2\/product\/1078","targetHints":{"allow":["GET"]}}],"collection":[{"href":"https:\/\/spiritscenturion.com\/hu\/wp-json\/wp\/v2\/product"}],"about":[{"href":"https:\/\/spiritscenturion.com\/hu\/wp-json\/wp\/v2\/types\/product"}],"replies":[{"embeddable":true,"href":"https:\/\/spiritscenturion.com\/hu\/wp-json\/wp\/v2\/comments?post=1078"}],"wp:featuredmedia":[{"embeddable":true,"href":"https:\/\/spiritscenturion.com\/hu\/wp-json\/wp\/v2\/media\/497"}],"wp:attachment":[{"href":"https:\/\/spiritscenturion.com\/hu\/wp-json\/wp\/v2\/media?parent=1078"}],"wp:term":[{"taxonomy":"product_brand","embeddable":true,"href":"https:\/\/spiritscenturion.com\/hu\/wp-json\/wp\/v2\/product_brand?post=1078"},{"taxonomy":"product_cat","embeddable":true,"href":"https:\/\/spiritscenturion.com\/hu\/wp-json\/wp\/v2\/product_cat?post=1078"},{"taxonomy":"product_tag","embeddable":true,"href":"https:\/\/spiritscenturion.com\/hu\/wp-json\/wp\/v2\/product_tag?post=1078"}],"curies":[{"name":"wp","href":"https:\/\/api.w.org\/{rel}","templated":true}]}}