{"id":1084,"date":"2026-01-09T10:52:31","date_gmt":"2026-01-09T10:52:31","guid":{"rendered":"https:\/\/spiritscenturion.com\/?post_type=product&#038;p=1084"},"modified":"2026-04-02T12:27:53","modified_gmt":"2026-04-02T12:27:53","slug":"the-vodka","status":"publish","type":"product","link":"https:\/\/spiritscenturion.com\/hu\/product\/the-vodka\/","title":{"rendered":"The Vodka"},"content":{"rendered":"<p>Legnagyobb gondoss\u00e1ggal el\u0151\u00e1ll\u00edtott vodk\u00e1nk finom b\u00faz\u00e1b\u00f3l \u00e9s tiszta forr\u00e1sv\u00edzb\u0151l k\u00e9sz\u00fcl, \u00edgy kiv\u00e9teles min\u0151s\u00e9g\u0171 desztill\u00e1tumot eredm\u00e9nyez. Az \u00f6tsz\u00f6ri lep\u00e1rl\u00e1s \u00e9s az ism\u00e9telt hidegsz\u0171r\u00e9s k\u00fcl\u00f6n\u00f6sen tiszta vodk\u00e1t eredm\u00e9nyez, amely sima, harmonikus ut\u00f3\u00edzzel rendelkezik.<\/p>\n<p>A legmagasabb min\u0151s\u00e9gi el\u0151\u00edr\u00e1sok szerint N\u00e9metorsz\u00e1gban gy\u00e1rtott pr\u00e9mium vodka krist\u00e1lytiszta \u00e9s finom eleganci\u00e1j\u00e1val ny\u0171g\u00f6zi le a fogyaszt\u00f3kat. Ak\u00e1r tiszt\u00e1n, j\u00e9ggel, vagy finom kokt\u00e9lok alapjak\u00e9nt fogyasztj\u00e1k, vodk\u00e1nk p\u00e1ratlan \u00e9lm\u00e9nyt ny\u00fajt.<\/p>\n","protected":false},"excerpt":{"rendered":"<p>Legnagyobb gondoss\u00e1ggal el\u0151\u00e1ll\u00edtott vodk\u00e1nk finom b\u00faz\u00e1b\u00f3l \u00e9s tiszta forr\u00e1sv\u00edzb\u0151l k\u00e9sz\u00fcl, \u00edgy kiv\u00e9teles min\u0151s\u00e9g\u0171 desztill\u00e1tumot eredm\u00e9nyez. Az \u00f6tsz\u00f6ri lep\u00e1rl\u00e1s \u00e9s az ism\u00e9telt hidegsz\u0171r\u00e9s k\u00fcl\u00f6n\u00f6sen tiszta vodk\u00e1t eredm\u00e9nyez, amely sima, harmonikus ut\u00f3\u00edzzel rendelkezik. A legmagasabb min\u0151s\u00e9gi el\u0151\u00edr\u00e1sok szerint N\u00e9metorsz\u00e1gban gy\u00e1rtott pr\u00e9mium vodka krist\u00e1lytiszta \u00e9s finom eleganci\u00e1j\u00e1val ny\u0171g\u00f6zi le a fogyaszt\u00f3kat. Ak\u00e1r tiszt\u00e1n, j\u00e9ggel, vagy finom kokt\u00e9lok alapjak\u00e9nt [&hellip;]<\/p>\n","protected":false},"featured_media":457,"comment_status":"open","ping_status":"closed","template":"","meta":{"_acf_changed":false},"product_brand":[],"product_cat":[],"product_tag":[],"class_list":{"0":"post-1084","1":"product","2":"type-product","3":"status-publish","4":"has-post-thumbnail","7":"first","8":"instock","9":"taxable","10":"shipping-taxable","11":"purchasable","12":"product-type-variable"},"acf":[],"yoast_head":"<!-- This site is optimized with the Yoast SEO plugin v26.8 - https:\/\/yoast.com\/product\/yoast-seo-wordpress\/ -->\n<title>The Vodka - spirits centurion<\/title>\n<meta name=\"robots\" content=\"noindex, follow, max-snippet:-1, max-image-preview:large, max-video-preview:-1\" \/>\n<meta property=\"og:locale\" content=\"hu_HU\" \/>\n<meta property=\"og:type\" content=\"article\" \/>\n<meta property=\"og:title\" content=\"The Vodka - spirits centurion\" \/>\n<meta property=\"og:description\" content=\"Legnagyobb gondoss\u00e1ggal el\u0151\u00e1ll\u00edtott vodk\u00e1nk finom b\u00faz\u00e1b\u00f3l \u00e9s tiszta forr\u00e1sv\u00edzb\u0151l k\u00e9sz\u00fcl, \u00edgy kiv\u00e9teles min\u0151s\u00e9g\u0171 desztill\u00e1tumot eredm\u00e9nyez. Az \u00f6tsz\u00f6ri lep\u00e1rl\u00e1s \u00e9s az ism\u00e9telt hidegsz\u0171r\u00e9s k\u00fcl\u00f6n\u00f6sen tiszta vodk\u00e1t eredm\u00e9nyez, amely sima, harmonikus ut\u00f3\u00edzzel rendelkezik. A legmagasabb min\u0151s\u00e9gi el\u0151\u00edr\u00e1sok szerint N\u00e9metorsz\u00e1gban gy\u00e1rtott pr\u00e9mium vodka krist\u00e1lytiszta \u00e9s finom eleganci\u00e1j\u00e1val ny\u0171g\u00f6zi le a fogyaszt\u00f3kat. Ak\u00e1r tiszt\u00e1n, j\u00e9ggel, vagy finom kokt\u00e9lok alapjak\u00e9nt [&hellip;]\" \/>\n<meta property=\"og:url\" content=\"https:\/\/spiritscenturion.com\/hu\/product\/the-vodka\/\" \/>\n<meta property=\"og:site_name\" content=\"spirits centurion\" \/>\n<meta property=\"article:modified_time\" content=\"2026-04-02T12:27:53+00:00\" \/>\n<meta property=\"og:image\" content=\"https:\/\/spiritscenturion.com\/wp-content\/uploads\/2026\/01\/The-Vodka.webp\" \/>\n\t<meta property=\"og:image:width\" content=\"600\" \/>\n\t<meta property=\"og:image:height\" content=\"800\" \/>\n\t<meta property=\"og:image:type\" content=\"image\/webp\" \/>\n<meta name=\"twitter:card\" content=\"summary_large_image\" \/>\n<meta name=\"twitter:label1\" content=\"Becs\u00fclt olvas\u00e1si id\u0151\" \/>\n\t<meta name=\"twitter:data1\" content=\"1 perc\" \/>\n<script type=\"application\/ld+json\" class=\"yoast-schema-graph\">{\"@context\":\"https:\/\/schema.org\",\"@graph\":[{\"@type\":\"WebPage\",\"@id\":\"https:\/\/spiritscenturion.com\/hu\/product\/the-vodka\/\",\"url\":\"https:\/\/spiritscenturion.com\/hu\/product\/the-vodka\/\",\"name\":\"The Vodka - spirits centurion\",\"isPartOf\":{\"@id\":\"https:\/\/spiritscenturion.com\/hu\/#website\"},\"primaryImageOfPage\":{\"@id\":\"https:\/\/spiritscenturion.com\/hu\/product\/the-vodka\/#primaryimage\"},\"image\":{\"@id\":\"https:\/\/spiritscenturion.com\/hu\/product\/the-vodka\/#primaryimage\"},\"thumbnailUrl\":\"https:\/\/spiritscenturion.com\/wp-content\/uploads\/2026\/01\/The-Vodka.webp\",\"datePublished\":\"2026-01-09T10:52:31+00:00\",\"dateModified\":\"2026-04-02T12:27:53+00:00\",\"breadcrumb\":{\"@id\":\"https:\/\/spiritscenturion.com\/hu\/product\/the-vodka\/#breadcrumb\"},\"inLanguage\":\"hu\",\"potentialAction\":[{\"@type\":\"ReadAction\",\"target\":[\"https:\/\/spiritscenturion.com\/hu\/product\/the-vodka\/\"]}]},{\"@type\":\"ImageObject\",\"inLanguage\":\"hu\",\"@id\":\"https:\/\/spiritscenturion.com\/hu\/product\/the-vodka\/#primaryimage\",\"url\":\"https:\/\/spiritscenturion.com\/wp-content\/uploads\/2026\/01\/The-Vodka.webp\",\"contentUrl\":\"https:\/\/spiritscenturion.com\/wp-content\/uploads\/2026\/01\/The-Vodka.webp\",\"width\":600,\"height\":800},{\"@type\":\"BreadcrumbList\",\"@id\":\"https:\/\/spiritscenturion.com\/hu\/product\/the-vodka\/#breadcrumb\",\"itemListElement\":[{\"@type\":\"ListItem\",\"position\":1,\"name\":\"Home\",\"item\":\"https:\/\/spiritscenturion.com\/hu\/\"},{\"@type\":\"ListItem\",\"position\":2,\"name\":\"Shop\",\"item\":\"https:\/\/spiritscenturion.com\/hu\/shop\/\"},{\"@type\":\"ListItem\",\"position\":3,\"name\":\"The Vodka\"}]},{\"@type\":\"WebSite\",\"@id\":\"https:\/\/spiritscenturion.com\/hu\/#website\",\"url\":\"https:\/\/spiritscenturion.com\/hu\/\",\"name\":\"spirits centurion\",\"description\":\"\",\"potentialAction\":[{\"@type\":\"SearchAction\",\"target\":{\"@type\":\"EntryPoint\",\"urlTemplate\":\"https:\/\/spiritscenturion.com\/hu\/?s={search_term_string}\"},\"query-input\":{\"@type\":\"PropertyValueSpecification\",\"valueRequired\":true,\"valueName\":\"search_term_string\"}}],\"inLanguage\":\"hu\"}]}<\/script>\n<!-- \/ Yoast SEO plugin. -->","yoast_head_json":{"title":"The Vodka - spirits centurion","robots":{"index":"noindex","follow":"follow","max-snippet":"max-snippet:-1","max-image-preview":"max-image-preview:large","max-video-preview":"max-video-preview:-1"},"og_locale":"hu_HU","og_type":"article","og_title":"The Vodka - spirits centurion","og_description":"Legnagyobb gondoss\u00e1ggal el\u0151\u00e1ll\u00edtott vodk\u00e1nk finom b\u00faz\u00e1b\u00f3l \u00e9s tiszta forr\u00e1sv\u00edzb\u0151l k\u00e9sz\u00fcl, \u00edgy kiv\u00e9teles min\u0151s\u00e9g\u0171 desztill\u00e1tumot eredm\u00e9nyez. Az \u00f6tsz\u00f6ri lep\u00e1rl\u00e1s \u00e9s az ism\u00e9telt hidegsz\u0171r\u00e9s k\u00fcl\u00f6n\u00f6sen tiszta vodk\u00e1t eredm\u00e9nyez, amely sima, harmonikus ut\u00f3\u00edzzel rendelkezik. A legmagasabb min\u0151s\u00e9gi el\u0151\u00edr\u00e1sok szerint N\u00e9metorsz\u00e1gban gy\u00e1rtott pr\u00e9mium vodka krist\u00e1lytiszta \u00e9s finom eleganci\u00e1j\u00e1val ny\u0171g\u00f6zi le a fogyaszt\u00f3kat. Ak\u00e1r tiszt\u00e1n, j\u00e9ggel, vagy finom kokt\u00e9lok alapjak\u00e9nt [&hellip;]","og_url":"https:\/\/spiritscenturion.com\/hu\/product\/the-vodka\/","og_site_name":"spirits centurion","article_modified_time":"2026-04-02T12:27:53+00:00","og_image":[{"width":600,"height":800,"url":"https:\/\/spiritscenturion.com\/wp-content\/uploads\/2026\/01\/The-Vodka.webp","type":"image\/webp"}],"twitter_card":"summary_large_image","twitter_misc":{"Becs\u00fclt olvas\u00e1si id\u0151":"1 perc"},"schema":{"@context":"https:\/\/schema.org","@graph":[{"@type":"WebPage","@id":"https:\/\/spiritscenturion.com\/hu\/product\/the-vodka\/","url":"https:\/\/spiritscenturion.com\/hu\/product\/the-vodka\/","name":"The Vodka - spirits centurion","isPartOf":{"@id":"https:\/\/spiritscenturion.com\/hu\/#website"},"primaryImageOfPage":{"@id":"https:\/\/spiritscenturion.com\/hu\/product\/the-vodka\/#primaryimage"},"image":{"@id":"https:\/\/spiritscenturion.com\/hu\/product\/the-vodka\/#primaryimage"},"thumbnailUrl":"https:\/\/spiritscenturion.com\/wp-content\/uploads\/2026\/01\/The-Vodka.webp","datePublished":"2026-01-09T10:52:31+00:00","dateModified":"2026-04-02T12:27:53+00:00","breadcrumb":{"@id":"https:\/\/spiritscenturion.com\/hu\/product\/the-vodka\/#breadcrumb"},"inLanguage":"hu","potentialAction":[{"@type":"ReadAction","target":["https:\/\/spiritscenturion.com\/hu\/product\/the-vodka\/"]}]},{"@type":"ImageObject","inLanguage":"hu","@id":"https:\/\/spiritscenturion.com\/hu\/product\/the-vodka\/#primaryimage","url":"https:\/\/spiritscenturion.com\/wp-content\/uploads\/2026\/01\/The-Vodka.webp","contentUrl":"https:\/\/spiritscenturion.com\/wp-content\/uploads\/2026\/01\/The-Vodka.webp","width":600,"height":800},{"@type":"BreadcrumbList","@id":"https:\/\/spiritscenturion.com\/hu\/product\/the-vodka\/#breadcrumb","itemListElement":[{"@type":"ListItem","position":1,"name":"Home","item":"https:\/\/spiritscenturion.com\/hu\/"},{"@type":"ListItem","position":2,"name":"Shop","item":"https:\/\/spiritscenturion.com\/hu\/shop\/"},{"@type":"ListItem","position":3,"name":"The Vodka"}]},{"@type":"WebSite","@id":"https:\/\/spiritscenturion.com\/hu\/#website","url":"https:\/\/spiritscenturion.com\/hu\/","name":"spirits centurion","description":"","potentialAction":[{"@type":"SearchAction","target":{"@type":"EntryPoint","urlTemplate":"https:\/\/spiritscenturion.com\/hu\/?s={search_term_string}"},"query-input":{"@type":"PropertyValueSpecification","valueRequired":true,"valueName":"search_term_string"}}],"inLanguage":"hu"}]}},"_links":{"self":[{"href":"https:\/\/spiritscenturion.com\/hu\/wp-json\/wp\/v2\/product\/1084","targetHints":{"allow":["GET"]}}],"collection":[{"href":"https:\/\/spiritscenturion.com\/hu\/wp-json\/wp\/v2\/product"}],"about":[{"href":"https:\/\/spiritscenturion.com\/hu\/wp-json\/wp\/v2\/types\/product"}],"replies":[{"embeddable":true,"href":"https:\/\/spiritscenturion.com\/hu\/wp-json\/wp\/v2\/comments?post=1084"}],"wp:featuredmedia":[{"embeddable":true,"href":"https:\/\/spiritscenturion.com\/hu\/wp-json\/wp\/v2\/media\/457"}],"wp:attachment":[{"href":"https:\/\/spiritscenturion.com\/hu\/wp-json\/wp\/v2\/media?parent=1084"}],"wp:term":[{"taxonomy":"product_brand","embeddable":true,"href":"https:\/\/spiritscenturion.com\/hu\/wp-json\/wp\/v2\/product_brand?post=1084"},{"taxonomy":"product_cat","embeddable":true,"href":"https:\/\/spiritscenturion.com\/hu\/wp-json\/wp\/v2\/product_cat?post=1084"},{"taxonomy":"product_tag","embeddable":true,"href":"https:\/\/spiritscenturion.com\/hu\/wp-json\/wp\/v2\/product_tag?post=1084"}],"curies":[{"name":"wp","href":"https:\/\/api.w.org\/{rel}","templated":true}]}}