{"id":1089,"date":"2026-01-09T10:48:35","date_gmt":"2026-01-09T10:48:35","guid":{"rendered":"https:\/\/spiritscenturion.com\/?post_type=product&#038;p=1089"},"modified":"2026-04-02T13:26:45","modified_gmt":"2026-04-02T13:26:45","slug":"the-gin","status":"publish","type":"product","link":"https:\/\/spiritscenturion.com\/hu\/product\/the-gin\/","title":{"rendered":"The Gin"},"content":{"rendered":"<p>H\u00e1romszoros desztill\u00e1ci\u00f3val k\u00e9sz\u00fclt gin\u00fcnk a desztill\u00e1l\u00e1s legmagasabb szintj\u00e9t \u00e9s az arom\u00e1k egyed\u00fcl\u00e1ll\u00f3 \u00f6sszhangj\u00e1t k\u00e9pviseli. Cs\u00e1b\u00edt\u00f3an \u00f6sszetett illatvil\u00e1g\u00e1t friss, k\u00e9zzel h\u00e1mozott citrusf\u00e9l\u00e9k h\u00e9ja \u00e9s a legkiv\u00e1l\u00f3bb n\u00f6v\u00e9nyi \u00f6sszetev\u0151k mesteri \u00f6sszev\u00e1logat\u00e1sa adja.<\/p>\n<p>100%-ban b\u00faz\u00e1b\u00f3l desztill\u00e1lt pr\u00e9mium gin\u00fcnk krist\u00e1lytiszta \u00e9s harmonikus m\u00e9lys\u00e9g\u00e9vel ny\u0171g\u00f6zi le az \u00ednyenceket. Kiv\u00e1l\u00f3 alapot ny\u00fajt klasszikus \u00e9s modern kokt\u00e9lokhoz, de \u00f6nmag\u00e1ban vagy j\u00e9ggel fogyasztva is igazi \u00e9lvezetet ny\u00fajt.<\/p>\n","protected":false},"excerpt":{"rendered":"<p>H\u00e1romszoros desztill\u00e1ci\u00f3val k\u00e9sz\u00fclt gin\u00fcnk a desztill\u00e1l\u00e1s legmagasabb szintj\u00e9t \u00e9s az arom\u00e1k egyed\u00fcl\u00e1ll\u00f3 \u00f6sszhangj\u00e1t k\u00e9pviseli. Cs\u00e1b\u00edt\u00f3an \u00f6sszetett illatvil\u00e1g\u00e1t friss, k\u00e9zzel h\u00e1mozott citrusf\u00e9l\u00e9k h\u00e9ja \u00e9s a legkiv\u00e1l\u00f3bb n\u00f6v\u00e9nyi \u00f6sszetev\u0151k mesteri \u00f6sszev\u00e1logat\u00e1sa adja. 100%-ban b\u00faz\u00e1b\u00f3l desztill\u00e1lt pr\u00e9mium gin\u00fcnk krist\u00e1lytiszta \u00e9s harmonikus m\u00e9lys\u00e9g\u00e9vel ny\u0171g\u00f6zi le az \u00ednyenceket. Kiv\u00e1l\u00f3 alapot ny\u00fajt klasszikus \u00e9s modern kokt\u00e9lokhoz, de \u00f6nmag\u00e1ban vagy j\u00e9ggel fogyasztva [&hellip;]<\/p>\n","protected":false},"featured_media":442,"comment_status":"open","ping_status":"closed","template":"","meta":{"_acf_changed":false},"product_brand":[],"product_cat":[],"product_tag":[],"class_list":{"0":"post-1089","1":"product","2":"type-product","3":"status-publish","4":"has-post-thumbnail","7":"first","8":"instock","9":"taxable","10":"shipping-taxable","11":"purchasable","12":"product-type-variable"},"acf":[],"yoast_head":"<!-- This site is optimized with the Yoast SEO plugin v26.8 - https:\/\/yoast.com\/product\/yoast-seo-wordpress\/ -->\n<title>The Gin - spirits centurion<\/title>\n<meta name=\"robots\" content=\"noindex, follow, max-snippet:-1, max-image-preview:large, max-video-preview:-1\" \/>\n<meta property=\"og:locale\" content=\"hu_HU\" \/>\n<meta property=\"og:type\" content=\"article\" \/>\n<meta property=\"og:title\" content=\"The Gin - spirits centurion\" \/>\n<meta property=\"og:description\" content=\"H\u00e1romszoros desztill\u00e1ci\u00f3val k\u00e9sz\u00fclt gin\u00fcnk a desztill\u00e1l\u00e1s legmagasabb szintj\u00e9t \u00e9s az arom\u00e1k egyed\u00fcl\u00e1ll\u00f3 \u00f6sszhangj\u00e1t k\u00e9pviseli. Cs\u00e1b\u00edt\u00f3an \u00f6sszetett illatvil\u00e1g\u00e1t friss, k\u00e9zzel h\u00e1mozott citrusf\u00e9l\u00e9k h\u00e9ja \u00e9s a legkiv\u00e1l\u00f3bb n\u00f6v\u00e9nyi \u00f6sszetev\u0151k mesteri \u00f6sszev\u00e1logat\u00e1sa adja. 100%-ban b\u00faz\u00e1b\u00f3l desztill\u00e1lt pr\u00e9mium gin\u00fcnk krist\u00e1lytiszta \u00e9s harmonikus m\u00e9lys\u00e9g\u00e9vel ny\u0171g\u00f6zi le az \u00ednyenceket. Kiv\u00e1l\u00f3 alapot ny\u00fajt klasszikus \u00e9s modern kokt\u00e9lokhoz, de \u00f6nmag\u00e1ban vagy j\u00e9ggel fogyasztva [&hellip;]\" \/>\n<meta property=\"og:url\" content=\"https:\/\/spiritscenturion.com\/hu\/product\/the-gin\/\" \/>\n<meta property=\"og:site_name\" content=\"spirits centurion\" \/>\n<meta property=\"article:modified_time\" content=\"2026-04-02T13:26:45+00:00\" \/>\n<meta property=\"og:image\" content=\"https:\/\/spiritscenturion.com\/wp-content\/uploads\/2026\/01\/The-Gin.webp\" \/>\n\t<meta property=\"og:image:width\" content=\"600\" \/>\n\t<meta property=\"og:image:height\" content=\"800\" \/>\n\t<meta property=\"og:image:type\" content=\"image\/webp\" \/>\n<meta name=\"twitter:card\" content=\"summary_large_image\" \/>\n<meta name=\"twitter:label1\" content=\"Becs\u00fclt olvas\u00e1si id\u0151\" \/>\n\t<meta name=\"twitter:data1\" content=\"1 perc\" \/>\n<script type=\"application\/ld+json\" class=\"yoast-schema-graph\">{\"@context\":\"https:\/\/schema.org\",\"@graph\":[{\"@type\":\"WebPage\",\"@id\":\"https:\/\/spiritscenturion.com\/hu\/product\/the-gin\/\",\"url\":\"https:\/\/spiritscenturion.com\/hu\/product\/the-gin\/\",\"name\":\"The Gin - spirits centurion\",\"isPartOf\":{\"@id\":\"https:\/\/spiritscenturion.com\/hu\/#website\"},\"primaryImageOfPage\":{\"@id\":\"https:\/\/spiritscenturion.com\/hu\/product\/the-gin\/#primaryimage\"},\"image\":{\"@id\":\"https:\/\/spiritscenturion.com\/hu\/product\/the-gin\/#primaryimage\"},\"thumbnailUrl\":\"https:\/\/spiritscenturion.com\/wp-content\/uploads\/2026\/01\/The-Gin.webp\",\"datePublished\":\"2026-01-09T10:48:35+00:00\",\"dateModified\":\"2026-04-02T13:26:45+00:00\",\"breadcrumb\":{\"@id\":\"https:\/\/spiritscenturion.com\/hu\/product\/the-gin\/#breadcrumb\"},\"inLanguage\":\"hu\",\"potentialAction\":[{\"@type\":\"ReadAction\",\"target\":[\"https:\/\/spiritscenturion.com\/hu\/product\/the-gin\/\"]}]},{\"@type\":\"ImageObject\",\"inLanguage\":\"hu\",\"@id\":\"https:\/\/spiritscenturion.com\/hu\/product\/the-gin\/#primaryimage\",\"url\":\"https:\/\/spiritscenturion.com\/wp-content\/uploads\/2026\/01\/The-Gin.webp\",\"contentUrl\":\"https:\/\/spiritscenturion.com\/wp-content\/uploads\/2026\/01\/The-Gin.webp\",\"width\":600,\"height\":800},{\"@type\":\"BreadcrumbList\",\"@id\":\"https:\/\/spiritscenturion.com\/hu\/product\/the-gin\/#breadcrumb\",\"itemListElement\":[{\"@type\":\"ListItem\",\"position\":1,\"name\":\"Home\",\"item\":\"https:\/\/spiritscenturion.com\/hu\/\"},{\"@type\":\"ListItem\",\"position\":2,\"name\":\"Shop\",\"item\":\"https:\/\/spiritscenturion.com\/hu\/shop\/\"},{\"@type\":\"ListItem\",\"position\":3,\"name\":\"The Gin\"}]},{\"@type\":\"WebSite\",\"@id\":\"https:\/\/spiritscenturion.com\/hu\/#website\",\"url\":\"https:\/\/spiritscenturion.com\/hu\/\",\"name\":\"spirits centurion\",\"description\":\"\",\"potentialAction\":[{\"@type\":\"SearchAction\",\"target\":{\"@type\":\"EntryPoint\",\"urlTemplate\":\"https:\/\/spiritscenturion.com\/hu\/?s={search_term_string}\"},\"query-input\":{\"@type\":\"PropertyValueSpecification\",\"valueRequired\":true,\"valueName\":\"search_term_string\"}}],\"inLanguage\":\"hu\"}]}<\/script>\n<!-- \/ Yoast SEO plugin. -->","yoast_head_json":{"title":"The Gin - spirits centurion","robots":{"index":"noindex","follow":"follow","max-snippet":"max-snippet:-1","max-image-preview":"max-image-preview:large","max-video-preview":"max-video-preview:-1"},"og_locale":"hu_HU","og_type":"article","og_title":"The Gin - spirits centurion","og_description":"H\u00e1romszoros desztill\u00e1ci\u00f3val k\u00e9sz\u00fclt gin\u00fcnk a desztill\u00e1l\u00e1s legmagasabb szintj\u00e9t \u00e9s az arom\u00e1k egyed\u00fcl\u00e1ll\u00f3 \u00f6sszhangj\u00e1t k\u00e9pviseli. Cs\u00e1b\u00edt\u00f3an \u00f6sszetett illatvil\u00e1g\u00e1t friss, k\u00e9zzel h\u00e1mozott citrusf\u00e9l\u00e9k h\u00e9ja \u00e9s a legkiv\u00e1l\u00f3bb n\u00f6v\u00e9nyi \u00f6sszetev\u0151k mesteri \u00f6sszev\u00e1logat\u00e1sa adja. 100%-ban b\u00faz\u00e1b\u00f3l desztill\u00e1lt pr\u00e9mium gin\u00fcnk krist\u00e1lytiszta \u00e9s harmonikus m\u00e9lys\u00e9g\u00e9vel ny\u0171g\u00f6zi le az \u00ednyenceket. Kiv\u00e1l\u00f3 alapot ny\u00fajt klasszikus \u00e9s modern kokt\u00e9lokhoz, de \u00f6nmag\u00e1ban vagy j\u00e9ggel fogyasztva [&hellip;]","og_url":"https:\/\/spiritscenturion.com\/hu\/product\/the-gin\/","og_site_name":"spirits centurion","article_modified_time":"2026-04-02T13:26:45+00:00","og_image":[{"width":600,"height":800,"url":"https:\/\/spiritscenturion.com\/wp-content\/uploads\/2026\/01\/The-Gin.webp","type":"image\/webp"}],"twitter_card":"summary_large_image","twitter_misc":{"Becs\u00fclt olvas\u00e1si id\u0151":"1 perc"},"schema":{"@context":"https:\/\/schema.org","@graph":[{"@type":"WebPage","@id":"https:\/\/spiritscenturion.com\/hu\/product\/the-gin\/","url":"https:\/\/spiritscenturion.com\/hu\/product\/the-gin\/","name":"The Gin - spirits centurion","isPartOf":{"@id":"https:\/\/spiritscenturion.com\/hu\/#website"},"primaryImageOfPage":{"@id":"https:\/\/spiritscenturion.com\/hu\/product\/the-gin\/#primaryimage"},"image":{"@id":"https:\/\/spiritscenturion.com\/hu\/product\/the-gin\/#primaryimage"},"thumbnailUrl":"https:\/\/spiritscenturion.com\/wp-content\/uploads\/2026\/01\/The-Gin.webp","datePublished":"2026-01-09T10:48:35+00:00","dateModified":"2026-04-02T13:26:45+00:00","breadcrumb":{"@id":"https:\/\/spiritscenturion.com\/hu\/product\/the-gin\/#breadcrumb"},"inLanguage":"hu","potentialAction":[{"@type":"ReadAction","target":["https:\/\/spiritscenturion.com\/hu\/product\/the-gin\/"]}]},{"@type":"ImageObject","inLanguage":"hu","@id":"https:\/\/spiritscenturion.com\/hu\/product\/the-gin\/#primaryimage","url":"https:\/\/spiritscenturion.com\/wp-content\/uploads\/2026\/01\/The-Gin.webp","contentUrl":"https:\/\/spiritscenturion.com\/wp-content\/uploads\/2026\/01\/The-Gin.webp","width":600,"height":800},{"@type":"BreadcrumbList","@id":"https:\/\/spiritscenturion.com\/hu\/product\/the-gin\/#breadcrumb","itemListElement":[{"@type":"ListItem","position":1,"name":"Home","item":"https:\/\/spiritscenturion.com\/hu\/"},{"@type":"ListItem","position":2,"name":"Shop","item":"https:\/\/spiritscenturion.com\/hu\/shop\/"},{"@type":"ListItem","position":3,"name":"The Gin"}]},{"@type":"WebSite","@id":"https:\/\/spiritscenturion.com\/hu\/#website","url":"https:\/\/spiritscenturion.com\/hu\/","name":"spirits centurion","description":"","potentialAction":[{"@type":"SearchAction","target":{"@type":"EntryPoint","urlTemplate":"https:\/\/spiritscenturion.com\/hu\/?s={search_term_string}"},"query-input":{"@type":"PropertyValueSpecification","valueRequired":true,"valueName":"search_term_string"}}],"inLanguage":"hu"}]}},"_links":{"self":[{"href":"https:\/\/spiritscenturion.com\/hu\/wp-json\/wp\/v2\/product\/1089","targetHints":{"allow":["GET"]}}],"collection":[{"href":"https:\/\/spiritscenturion.com\/hu\/wp-json\/wp\/v2\/product"}],"about":[{"href":"https:\/\/spiritscenturion.com\/hu\/wp-json\/wp\/v2\/types\/product"}],"replies":[{"embeddable":true,"href":"https:\/\/spiritscenturion.com\/hu\/wp-json\/wp\/v2\/comments?post=1089"}],"wp:featuredmedia":[{"embeddable":true,"href":"https:\/\/spiritscenturion.com\/hu\/wp-json\/wp\/v2\/media\/442"}],"wp:attachment":[{"href":"https:\/\/spiritscenturion.com\/hu\/wp-json\/wp\/v2\/media?parent=1089"}],"wp:term":[{"taxonomy":"product_brand","embeddable":true,"href":"https:\/\/spiritscenturion.com\/hu\/wp-json\/wp\/v2\/product_brand?post=1089"},{"taxonomy":"product_cat","embeddable":true,"href":"https:\/\/spiritscenturion.com\/hu\/wp-json\/wp\/v2\/product_cat?post=1089"},{"taxonomy":"product_tag","embeddable":true,"href":"https:\/\/spiritscenturion.com\/hu\/wp-json\/wp\/v2\/product_tag?post=1089"}],"curies":[{"name":"wp","href":"https:\/\/api.w.org\/{rel}","templated":true}]}}